{"id":36,"date":"2024-09-08T13:16:17","date_gmt":"2024-09-08T13:16:17","guid":{"rendered":"https:\/\/new.samichlaus-walenstadt.ch\/?page_id=36"},"modified":"2024-09-08T19:31:19","modified_gmt":"2024-09-08T19:31:19","slug":"willkommen-beim-samichlaus-walenstadt","status":"publish","type":"page","link":"https:\/\/samichlaus-walenstadt.ch\/?page_id=36","title":{"rendered":"Geschichte \/ Chronik"},"content":{"rendered":"\n<h5 class=\"wp-block-heading has-accent-1-color has-text-color has-link-color wp-elements-21e0a866c0d145d07913cb5b55636fd4\">Geschichte der Samichlausgesellschaft Walenstadt<\/h5>\n\n\n<p style=\"text-align: left;\">Seit\u00a0<strong>1946<\/strong>\u00a0besteht die Samichlausgesellschaft Walenstadt. Sie wurde als St. Nikolaus Aktion im katholischen Arbeiterverein auf Initiative von Jsidor Mannhart gegr\u00fcndet. Am Nikolaustag, dem 6. Dezember 1946, erfolgte die feierliche Er\u00f6ffnung durch einen \u00f6ffentlichen Auftritt durch das St\u00e4dtchen. Vier Bisch\u00f6fe (Samichl\u00e4use) und neun Schmutzlis wurden damals von vielen Kindern begeistert empfangen.<\/p>\n\n\n<div style=\"height:29px\" aria-hidden=\"true\" class=\"wp-block-spacer\"><\/div>\n\n\n\n<hr class=\"wp-block-separator has-text-color has-accent-1-color has-alpha-channel-opacity has-accent-1-background-color has-background is-style-wide\"\/>\n\n\n\n<h5 class=\"wp-block-heading has-accent-1-color has-text-color has-link-color wp-elements-4f80b22dde364fe1f231b7f9e38de5b1\">Gesellschafts-Chronik<\/h5>\n\n\n<hr \/>\n<div id=\"page_margins\">\n<div id=\"page\" class=\"hold_floats\">\n<div id=\"col3\">\n<div id=\"col3_content\" class=\"clearfix\">\n<div>\n<div id=\"c273\" class=\"csc-default\">\n<ul>\n<li><span style=\"color: #000000;\">1946: Gr\u00fcndung als St. Niklaus Aktion im katholischen Arbeiterverein. Bis zu 100 Anmeldungen erfolgten in der Milchzentrale Walenstadt. Die Besuchsgeb\u00fchr betrug damals 2 Franken. Die ersten Samichl\u00e4use waren Josef Hutter, Josef M\u00fcller, Adolf B\u00fcrer und Jsidor Mannhart. Anf\u00e4nglich wurde die Bekleidung noch von Kinderg\u00e4rten, Spital und der Kirche ausgeliehen, danach schaffte der Verein eigene Kost\u00fcme an und verfeinerte den Besuchsablauf mit der Abgabe von Anmeldezetteln.<\/span><\/li>\n<li><span style=\"color: #000000;\">1968: Aufl\u00f6sung des katholischen Arbeitervereins. Die Nikolaus Aktion wurde in\u00a0das Patronat des Christlichen Holz- und Bauarbeiterverbands gestellt. Der katholische Arbeiterverein stiftete einen\u00a0Startbetrag von 500 Fr. an die Nikolaus Aktion. Ein freiwilliger Beitrag f\u00fcr die Unkosten wird eingef\u00fchrt.<\/span><\/li>\n<li><span style=\"color: #000000;\">1976: Neue Bartgarnituren werden auf Anraten von Georg Jung bei Coiffeurmeister Leeb in Luzern angeschafft.<\/span><\/li>\n<li><span style=\"color: #000000;\">1985: \u00dcbergabe an Lutz Mannhart als Klausobmann<\/span><\/li>\n<li><span style=\"color: #000000;\">1994: Nach 34 Aktivjahren bei der Niklaus Aktion tritt Lutz Mannhart zur\u00fcck. Severin Kaiser \u00fcbernimmt das Amt.<\/span><\/li>\n<li><span style=\"color: #000000;\">1996: \u00dcbergabe an Markus Linder<\/span><\/li>\n<li><span style=\"color: #000000;\">2007: Oswald Gm\u00fcr wird Pr\u00e4sident der Samichlausgesellschaft Walenstadt. Neue Statuten werden erstellt. Im gleichen Jahr wird auch vom Vorstand beschlossen, den Chlausmarkt j\u00e4hrlich mit einem festlichen Einzug zusammen mit den Einschellnern zu gestalten.<\/span><\/li>\n<li><span style=\"color: #000000;\">2008: Drei komplette Bischofskleider mit B\u00e4rten, Mitra und Bischofsst\u00e4ben werden f\u00fcr die Samichlausgesellschaft angeschafft.<\/span><\/li>\n<li><span style=\"color: #000000;\">2013: Die Samichlausgesellschaft geht mit einer eigenen Homepage online<\/span><\/li>\n<li><span style=\"color: #000000;\">2016: Die Samichlausgesellschaft feiert ihr 70-j\u00e4hriges Bestehen.<\/span><\/li>\n<\/ul>\n<\/div>\n<\/div>\n<\/div>\n<\/div>\n<\/div>\n<\/div>","protected":false},"excerpt":{"rendered":"<p>Geschichte der Samichlausgesellschaft Walenstadt Seit\u00a01946\u00a0besteht die Samichlausgesellschaft Walenstadt. Sie wurde als St. Nikolaus Aktion im katholischen Arbeiterverein auf Initiative von Jsidor Mannhart gegr\u00fcndet. Am Nikolaustag, dem 6. Dezember 1946, erfolgte die feierliche Er\u00f6ffnung durch einen \u00f6ffentlichen Auftritt durch das St\u00e4dtchen. Vier Bisch\u00f6fe (Samichl\u00e4use) und neun Schmutzlis wurden damals von vielen &hellip;<\/p>\n","protected":false},"author":1,"featured_media":0,"parent":0,"menu_order":0,"comment_status":"closed","ping_status":"closed","template":"","meta":{"footnotes":""},"class_list":["post-36","page","type-page","status-publish","hentry"],"_links":{"self":[{"href":"https:\/\/samichlaus-walenstadt.ch\/index.php?rest_route=\/wp\/v2\/pages\/36","targetHints":{"allow":["GET"]}}],"collection":[{"href":"https:\/\/samichlaus-walenstadt.ch\/index.php?rest_route=\/wp\/v2\/pages"}],"about":[{"href":"https:\/\/samichlaus-walenstadt.ch\/index.php?rest_route=\/wp\/v2\/types\/page"}],"author":[{"embeddable":true,"href":"https:\/\/samichlaus-walenstadt.ch\/index.php?rest_route=\/wp\/v2\/users\/1"}],"replies":[{"embeddable":true,"href":"https:\/\/samichlaus-walenstadt.ch\/index.php?rest_route=%2Fwp%2Fv2%2Fcomments&post=36"}],"version-history":[{"count":31,"href":"https:\/\/samichlaus-walenstadt.ch\/index.php?rest_route=\/wp\/v2\/pages\/36\/revisions"}],"predecessor-version":[{"id":278,"href":"https:\/\/samichlaus-walenstadt.ch\/index.php?rest_route=\/wp\/v2\/pages\/36\/revisions\/278"}],"wp:attachment":[{"href":"https:\/\/samichlaus-walenstadt.ch\/index.php?rest_route=%2Fwp%2Fv2%2Fmedia&parent=36"}],"curies":[{"name":"wp","href":"https:\/\/api.w.org\/{rel}","templated":true}]}}