{"id":282,"date":"2024-09-15T18:03:13","date_gmt":"2024-09-15T18:03:13","guid":{"rendered":"https:\/\/new.samichlaus-walenstadt.ch\/?page_id=282"},"modified":"2024-09-15T18:03:13","modified_gmt":"2024-09-15T18:03:13","slug":"faq-samichlausbesuche","status":"publish","type":"page","link":"https:\/\/samichlaus-walenstadt.ch\/?page_id=282","title":{"rendered":"FAQ Samichlausbesuche"},"content":{"rendered":"\n<h2 class=\"wp-block-heading\">H\u00e4ufig gestellte Fragen:<\/h2>\n\n\n<ul>\n<li><strong>Was kostet ein Besuch des Samichlaus bei einer Familie?<\/strong>\n<ul>\n<li>Der Samichlaus besucht die Familien grunds\u00e4tzlich nicht des Geldes wegen. Vielmehr die Freude an diesem sch\u00f6nen Brauchtum<br \/>und die vielen staunenden Kinder motivieren uns jedes Jahr aufs neue. Wir m\u00f6chten daher auch keinen festen Beitrag definieren.<br \/>Wir sind jedoch auf Ihre Unterst\u00fctzung angewiesen. Nur so k\u00f6nnen wir die Qualit\u00e4t unserer Besuche weiterhin gew\u00e4hrleisten. Mit<br \/>den Einnahmen werden die aufw\u00e4ndigen Kost\u00fcme und Accessoires wie z. B. die B\u00e4rte finanziert. \u00dcber die Jahre konnten wir so einen<br \/>ungef\u00e4hren &#8222;Betrag&#8220; ermitteln. Dieser liegt im Durchschnitt bei ca. 20.- pro Kind. Es ist jedoch jeder Familie selber \u00fcberlassen, einen<br \/>f\u00fcr\u00a0<b>SIE<\/b>\u00a0angemessenen Betrag zu spenden<b>.\u00a0<\/b>Vielen Dank!<\/li>\n<\/ul>\n<\/li>\n<li><strong>Was kostet ein Besuch des Samichlaus bei einem Verein \/ Institution?<\/strong>\n<ul>\n<li>Bei einem Besuch von Vereinen \/ Institutionen usw. ist mit Kosten ab Fr. 150.00 zu rechnen. Der genaue Betrag wird in Absprache festgelegt.<\/li>\n<\/ul>\n<\/li>\n<li>\u00a0<strong>Hat der Samichlaus immer einen Schmutzli dabei?<\/strong>\n<ul>\n<li>In der Regel finden die Besuche mit einem Bischof und einem Schmutzli statt.<\/li>\n<\/ul>\n<\/li>\n<li><strong>Wie funktioniert die \u00dcbergabe \/ Deponierung von Chlauss\u00e4cklis?<\/strong>\n<ul>\n<li>Wenn der Samichlaus etwas aush\u00e4ndigen soll (z.B. Chlauss\u00e4ckli), dann muss dieses an einem gut erreichbaren Ort vor der Wohnung oder dem Haus deponiert werden. Der Ort ist im Anmeldeformular zu beschreiben.<\/li>\n<\/ul>\n<\/li>\n<li><strong>Was bringt der Samichlaus mit?<\/strong>\n<ul>\n<li>Der Samichlaus h\u00e4ndigt bei jedem Besuch pro Familie eine Rute aus. Die Rute soll zur Erinnerung dienen, was die Kinder dem Samichlaus und Schmutzli versprochen haben. Auf keinen Fall soll diese der Strafe dienen.<\/li>\n<\/ul>\n<\/li>\n<li><strong>D\u00fcrfen auch G\u00e4ste oder Gastfamilien anwesend sein?<\/strong>\n<ul>\n<li>Ja, das ist m\u00f6glich. Im Anmeldeformular kann dies angegeben werden. Bitte beachten, dass auch die Gastfamilien ein eigenes Anmeldeformular ausf\u00fcllen.<\/li>\n<\/ul>\n<\/li>\n<\/ul>","protected":false},"excerpt":{"rendered":"<p>H\u00e4ufig gestellte Fragen: Was kostet ein Besuch des Samichlaus bei einer Familie? Der Samichlaus besucht die Familien grunds\u00e4tzlich nicht des Geldes wegen. Vielmehr die Freude an diesem sch\u00f6nen Brauchtumund die vielen staunenden Kinder motivieren uns jedes Jahr aufs neue. Wir m\u00f6chten daher auch keinen festen Beitrag definieren.Wir sind jedoch auf &hellip;<\/p>\n","protected":false},"author":1,"featured_media":0,"parent":0,"menu_order":0,"comment_status":"closed","ping_status":"closed","template":"","meta":{"footnotes":""},"class_list":["post-282","page","type-page","status-publish","hentry"],"_links":{"self":[{"href":"https:\/\/samichlaus-walenstadt.ch\/index.php?rest_route=\/wp\/v2\/pages\/282","targetHints":{"allow":["GET"]}}],"collection":[{"href":"https:\/\/samichlaus-walenstadt.ch\/index.php?rest_route=\/wp\/v2\/pages"}],"about":[{"href":"https:\/\/samichlaus-walenstadt.ch\/index.php?rest_route=\/wp\/v2\/types\/page"}],"author":[{"embeddable":true,"href":"https:\/\/samichlaus-walenstadt.ch\/index.php?rest_route=\/wp\/v2\/users\/1"}],"replies":[{"embeddable":true,"href":"https:\/\/samichlaus-walenstadt.ch\/index.php?rest_route=%2Fwp%2Fv2%2Fcomments&post=282"}],"version-history":[{"count":1,"href":"https:\/\/samichlaus-walenstadt.ch\/index.php?rest_route=\/wp\/v2\/pages\/282\/revisions"}],"predecessor-version":[{"id":284,"href":"https:\/\/samichlaus-walenstadt.ch\/index.php?rest_route=\/wp\/v2\/pages\/282\/revisions\/284"}],"wp:attachment":[{"href":"https:\/\/samichlaus-walenstadt.ch\/index.php?rest_route=%2Fwp%2Fv2%2Fmedia&parent=282"}],"curies":[{"name":"wp","href":"https:\/\/api.w.org\/{rel}","templated":true}]}}